{"id":3175,"date":"2023-03-06T10:44:04","date_gmt":"2023-03-06T09:44:04","guid":{"rendered":"https:\/\/greenbusiness.mediasparx.biz\/personvern\/"},"modified":"2023-03-06T10:54:26","modified_gmt":"2023-03-06T09:54:26","slug":"personvern","status":"publish","type":"page","link":"https:\/\/greenbusiness.no\/en\/personvern\/","title":{"rendered":"Personvern"},"content":{"rendered":"<div class=\"row\"><div class=\"col-lg-12\"> <h2>Personvern<\/h2> <p>Denne personvernerkl\u00e6ringen informerer om hvordan vi samler inn og bruker personopplysninger n\u00e5r du benytter v\u00e5re tjenester og om dine rettigheter.<\/p> <h2>Personopplysninger som innhentes og behandles<\/h2> <p>Vi innhenter personopplysninger for \u00e5 tilby og forbedre v\u00e5r tjeneste til deg. Ved bruke av v\u00e5re tjenester kan vi be om personopplysninger for \u00e5 ta kontakt eller identifisere deg. Eksempler p\u00e5 personopplysninger er navn, telefonnummer, e-post adresse og bruksdata. Det er frivillig \u00e5 oppgi denne informasjonen. Hvis du velger \u00e5 ikke oppgi personopplysningene, kan vi v\u00e6re forhindret fra \u00e5 gi deg tilgang til tjenesten.<\/p> <h2>Form\u00e5let med behandling av personopplysninger<\/h2> <ul> <li>For \u00e5 ta kontakt og tilby v\u00e5re tjenester<\/li> <li>For \u00e5 gi tilgang til v\u00e5re tjenester<\/li> <li>For \u00e5 sende relevant informasjon<\/li> <li>For \u00e5 gi kundeservice og st\u00f8tte<\/li> <li>For \u00e5 oppdage, forhindre og adressere tekniske problemer<\/li> <\/ul> <h2>Lagringstid<\/h2> <p>Dine personopplysninger blir lagret s\u00e5 lenge du er kunde hos oss, og i minst 3 \u00e5r etter at tjenestene og kundeforholdet er avsluttet. Personopplysninger knyttet til fakturaer og betaling beholdes i minst 5 \u00e5r, slik det er p\u00e5krevd i henhold til norsk regnskapslovgivning. Utenfor kundeforhold slettet personopplysninger etter databehandlingen er avsluttet.<\/p> <h2>Rettigheter<\/h2> <p>I henhold til norsk lov kan du n\u00e5r som helst f\u00e5 innsyn i hvilke personopplysninger vi har lagret om deg, og f\u00e5 disse rettet eller slettet dersom du \u00f8nsker det, ved \u00e5 sende oss en <a href=\"&#x6d;&#97;&#105;&#x6c;&#x74;&#111;&#58;&#x70;&#x6f;&#115;&#116;&#x40;&#x64;&#111;&#109;&#x65;&#x6e;&#101;&#46;&#x6e;&#x6f;\">e-post<\/a>. Hvor behandlingen av personopplysninger er basert p\u00e5 samtykke, kan du til enhver tid trekke samtykket tilbake. Dersom du mener at vi ikke har overholdt dine rettigheter i henhold til personopplysningsloven, har du rett til \u00e5 klage til Datatilsynet.<\/p> <h2>Kontaktinformasjon<\/h2> <p><a href=\"&#109;&#x61;&#105;&#x6c;&#116;&#x6f;:&#x70;o&#115;&#x74;&#64;&#x64;&#111;&#x6d;e&#x6e;e&#46;&#x6e;&#111;\">&#112;&#x6f;s&#116;&#x40;d&#x6f;&#x6d;&#101;&#x6e;e&#46;&#x6e;o<\/a><br \/> Gateadresse 1, 0000 Poststed<\/p> <h2>Informasjonskapsler<\/h2> <p>Websiden benytter ikke identifiserbare opplysninger via informasjonskapsler for \u00e5 m\u00e5le trafikken p\u00e5 websiden og for \u00e5 forbedre brukeropplevelsen. Om du ikke aksepterer bruk av informasjonskapsler kan du sl\u00e5 av \u00abcookies\u00bb i din nettleser.<\/p> <\/div> <\/div>","protected":false},"excerpt":{"rendered":"<p>Personvern Denne personvernerkl\u00e6ringen informerer om hvordan vi samler inn og bruker personopplysninger n\u00e5r du benytter v\u00e5re tj&#8230;<\/p>\n","protected":false},"author":3,"featured_media":0,"parent":0,"menu_order":0,"comment_status":"closed","ping_status":"closed","template":"","meta":{"_acf_changed":false,"footnotes":"","_wp_rev_ctl_limit":""},"class_list":["post-3175","page","type-page","status-publish","hentry"],"acf":[],"yoast_head":"<title>Personvern - Tittel<\/title>\n<meta name=\"robots\" content=\"index, follow, max-snippet:-1, max-image-preview:large, max-video-preview:-1\" \/>\n<link rel=\"canonical\" href=\"https:\/\/greenbusiness.no\/en\/personvern\/\" \/>\n<meta property=\"og:locale\" content=\"en_US\" \/>\n<meta property=\"og:type\" content=\"article\" \/>\n<meta property=\"og:title\" content=\"Personvern - Tittel\" \/>\n<meta property=\"og:description\" content=\"Personvern Denne personvernerkl\u00e6ringen informerer om hvordan vi samler inn og bruker personopplysninger n\u00e5r du benytter v\u00e5re tj...\" \/>\n<meta property=\"og:url\" content=\"https:\/\/greenbusiness.no\/en\/personvern\/\" \/>\n<meta property=\"og:site_name\" content=\"Tittel\" \/>\n<meta property=\"article:modified_time\" content=\"2023-03-06T09:54:26+00:00\" \/>\n<meta name=\"twitter:card\" content=\"summary_large_image\" \/>\n<meta name=\"twitter:label1\" content=\"Est. reading time\" \/>\n\t<meta name=\"twitter:data1\" content=\"1 minute\" \/>\n<script type=\"application\/ld+json\" class=\"yoast-schema-graph\">{\"@context\":\"https:\\\/\\\/schema.org\",\"@graph\":[{\"@type\":\"WebPage\",\"@id\":\"https:\\\/\\\/greenbusiness.no\\\/en\\\/personvern\\\/\",\"url\":\"https:\\\/\\\/greenbusiness.no\\\/en\\\/personvern\\\/\",\"name\":\"Personvern - Tittel\",\"isPartOf\":{\"@id\":\"https:\\\/\\\/greenbusiness.no\\\/#website\"},\"datePublished\":\"2023-03-06T09:44:04+00:00\",\"dateModified\":\"2023-03-06T09:54:26+00:00\",\"breadcrumb\":{\"@id\":\"https:\\\/\\\/greenbusiness.no\\\/en\\\/personvern\\\/#breadcrumb\"},\"inLanguage\":\"en-US\",\"potentialAction\":[{\"@type\":\"ReadAction\",\"target\":[\"https:\\\/\\\/greenbusiness.no\\\/en\\\/personvern\\\/\"]}]},{\"@type\":\"BreadcrumbList\",\"@id\":\"https:\\\/\\\/greenbusiness.no\\\/en\\\/personvern\\\/#breadcrumb\",\"itemListElement\":[{\"@type\":\"ListItem\",\"position\":1,\"name\":\"Start\",\"item\":\"https:\\\/\\\/greenbusiness.no\\\/en\\\/\"},{\"@type\":\"ListItem\",\"position\":2,\"name\":\"Personvern\"}]},{\"@type\":\"WebSite\",\"@id\":\"https:\\\/\\\/greenbusiness.no\\\/#website\",\"url\":\"https:\\\/\\\/greenbusiness.no\\\/\",\"name\":\"Tittel\",\"description\":\"Slagord\",\"potentialAction\":[{\"@type\":\"SearchAction\",\"target\":{\"@type\":\"EntryPoint\",\"urlTemplate\":\"https:\\\/\\\/greenbusiness.no\\\/?s={search_term_string}\"},\"query-input\":{\"@type\":\"PropertyValueSpecification\",\"valueRequired\":true,\"valueName\":\"search_term_string\"}}],\"inLanguage\":\"en-US\"}]}<\/script>","yoast_head_json":{"title":"Personvern - Tittel","robots":{"index":"index","follow":"follow","max-snippet":"max-snippet:-1","max-image-preview":"max-image-preview:large","max-video-preview":"max-video-preview:-1"},"canonical":"https:\/\/greenbusiness.no\/en\/personvern\/","og_locale":"en_US","og_type":"article","og_title":"Personvern - Tittel","og_description":"Personvern Denne personvernerkl\u00e6ringen informerer om hvordan vi samler inn og bruker personopplysninger n\u00e5r du benytter v\u00e5re tj...","og_url":"https:\/\/greenbusiness.no\/en\/personvern\/","og_site_name":"Tittel","article_modified_time":"2023-03-06T09:54:26+00:00","twitter_card":"summary_large_image","twitter_misc":{"Est. reading time":"1 minute"},"schema":{"@context":"https:\/\/schema.org","@graph":[{"@type":"WebPage","@id":"https:\/\/greenbusiness.no\/en\/personvern\/","url":"https:\/\/greenbusiness.no\/en\/personvern\/","name":"Personvern - Tittel","isPartOf":{"@id":"https:\/\/greenbusiness.no\/#website"},"datePublished":"2023-03-06T09:44:04+00:00","dateModified":"2023-03-06T09:54:26+00:00","breadcrumb":{"@id":"https:\/\/greenbusiness.no\/en\/personvern\/#breadcrumb"},"inLanguage":"en-US","potentialAction":[{"@type":"ReadAction","target":["https:\/\/greenbusiness.no\/en\/personvern\/"]}]},{"@type":"BreadcrumbList","@id":"https:\/\/greenbusiness.no\/en\/personvern\/#breadcrumb","itemListElement":[{"@type":"ListItem","position":1,"name":"Start","item":"https:\/\/greenbusiness.no\/en\/"},{"@type":"ListItem","position":2,"name":"Personvern"}]},{"@type":"WebSite","@id":"https:\/\/greenbusiness.no\/#website","url":"https:\/\/greenbusiness.no\/","name":"Tittel","description":"Slagord","potentialAction":[{"@type":"SearchAction","target":{"@type":"EntryPoint","urlTemplate":"https:\/\/greenbusiness.no\/?s={search_term_string}"},"query-input":{"@type":"PropertyValueSpecification","valueRequired":true,"valueName":"search_term_string"}}],"inLanguage":"en-US"}]}},"_links":{"self":[{"href":"https:\/\/greenbusiness.no\/en\/wp-json\/wp\/v2\/pages\/3175","targetHints":{"allow":["GET"]}}],"collection":[{"href":"https:\/\/greenbusiness.no\/en\/wp-json\/wp\/v2\/pages"}],"about":[{"href":"https:\/\/greenbusiness.no\/en\/wp-json\/wp\/v2\/types\/page"}],"author":[{"embeddable":true,"href":"https:\/\/greenbusiness.no\/en\/wp-json\/wp\/v2\/users\/3"}],"replies":[{"embeddable":true,"href":"https:\/\/greenbusiness.no\/en\/wp-json\/wp\/v2\/comments?post=3175"}],"version-history":[{"count":0,"href":"https:\/\/greenbusiness.no\/en\/wp-json\/wp\/v2\/pages\/3175\/revisions"}],"wp:attachment":[{"href":"https:\/\/greenbusiness.no\/en\/wp-json\/wp\/v2\/media?parent=3175"}],"curies":[{"name":"wp","href":"https:\/\/api.w.org\/{rel}","templated":true}]}}